{"id":68,"date":"2026-02-02T17:49:21","date_gmt":"2026-02-02T17:49:21","guid":{"rendered":"https:\/\/hurel2.damien-bouchard.net\/?page_id=68"},"modified":"2026-03-26T18:26:33","modified_gmt":"2026-03-26T17:26:33","slug":"la-chambre-aux-elephants","status":"publish","type":"page","link":"https:\/\/www.lerelaissaintgilles.fr\/index.php\/la-chambre-aux-elephants\/","title":{"rendered":"La chambre aux \u00e9l\u00e9phants"},"content":{"rendered":"\n<figure class=\"wp-block-gallery has-nested-images columns-default is-cropped wp-block-gallery-1 is-layout-flex wp-block-gallery-is-layout-flex\">\n<figure class=\"wp-block-image size-full\"><img loading=\"lazy\" decoding=\"async\" width=\"400\" height=\"300\" data-id=\"40\" src=\"http:\/\/hurel2.damien-bouchard.net\/wp-content\/uploads\/2026\/02\/260614211525.jpg\" alt=\"\" class=\"wp-image-40\" srcset=\"https:\/\/www.lerelaissaintgilles.fr\/wp-content\/uploads\/2026\/02\/260614211525.jpg 400w, https:\/\/www.lerelaissaintgilles.fr\/wp-content\/uploads\/2026\/02\/260614211525-300x225.jpg 300w\" sizes=\"(max-width: 400px) 100vw, 400px\" \/><\/figure>\n\n\n\n<figure class=\"wp-block-image size-full\"><img loading=\"lazy\" decoding=\"async\" width=\"400\" height=\"300\" data-id=\"42\" src=\"http:\/\/hurel2.damien-bouchard.net\/wp-content\/uploads\/2026\/02\/260614211737.jpg\" alt=\"\" class=\"wp-image-42\" srcset=\"https:\/\/www.lerelaissaintgilles.fr\/wp-content\/uploads\/2026\/02\/260614211737.jpg 400w, https:\/\/www.lerelaissaintgilles.fr\/wp-content\/uploads\/2026\/02\/260614211737-300x225.jpg 300w\" sizes=\"(max-width: 400px) 100vw, 400px\" \/><\/figure>\n\n\n\n<figure class=\"wp-block-image size-full\"><img loading=\"lazy\" decoding=\"async\" width=\"400\" height=\"300\" data-id=\"60\" src=\"http:\/\/hurel2.damien-bouchard.net\/wp-content\/uploads\/2026\/02\/280214185047.jpg\" alt=\"\" class=\"wp-image-60\" srcset=\"https:\/\/www.lerelaissaintgilles.fr\/wp-content\/uploads\/2026\/02\/280214185047.jpg 400w, https:\/\/www.lerelaissaintgilles.fr\/wp-content\/uploads\/2026\/02\/280214185047-300x225.jpg 300w\" sizes=\"(max-width: 400px) 100vw, 400px\" \/><\/figure>\n<\/figure>\n\n\n\n<p>Autrefois grand salon de r\u00e9ception, \u00ab&nbsp;la chambre aux \u00e9l\u00e9phants&nbsp;\u00bb a gard\u00e9 tout son charme pass\u00e9. Situ\u00e9e au 1<sup>er<\/sup> \u00e9tage de la maison, vous aurez la vue sur l\u2019ancienne \u00e9glise saint Gilles.<\/p>\n\n\n","protected":false},"excerpt":{"rendered":"<p>Autrefois grand salon de r\u00e9ception, \u00ab&nbsp;la chambre aux \u00e9l\u00e9phants&nbsp;\u00bb a gard\u00e9 tout son charme pass\u00e9. Situ\u00e9e au 1er \u00e9tage de la maison, vous aurez la vue sur l\u2019ancienne \u00e9glise saint Gilles.<\/p>\n","protected":false},"author":1,"featured_media":0,"parent":0,"menu_order":0,"comment_status":"closed","ping_status":"closed","template":"","meta":{"saved_in_kubio":true,"footnotes":""},"class_list":["post-68","page","type-page","status-publish","hentry"],"kubio_ai_page_context":{"short_desc":"","purpose":"general"},"_links":{"self":[{"href":"https:\/\/www.lerelaissaintgilles.fr\/index.php\/wp-json\/wp\/v2\/pages\/68","targetHints":{"allow":["GET"]}}],"collection":[{"href":"https:\/\/www.lerelaissaintgilles.fr\/index.php\/wp-json\/wp\/v2\/pages"}],"about":[{"href":"https:\/\/www.lerelaissaintgilles.fr\/index.php\/wp-json\/wp\/v2\/types\/page"}],"author":[{"embeddable":true,"href":"https:\/\/www.lerelaissaintgilles.fr\/index.php\/wp-json\/wp\/v2\/users\/1"}],"replies":[{"embeddable":true,"href":"https:\/\/www.lerelaissaintgilles.fr\/index.php\/wp-json\/wp\/v2\/comments?post=68"}],"version-history":[{"count":32,"href":"https:\/\/www.lerelaissaintgilles.fr\/index.php\/wp-json\/wp\/v2\/pages\/68\/revisions"}],"predecessor-version":[{"id":377,"href":"https:\/\/www.lerelaissaintgilles.fr\/index.php\/wp-json\/wp\/v2\/pages\/68\/revisions\/377"}],"wp:attachment":[{"href":"https:\/\/www.lerelaissaintgilles.fr\/index.php\/wp-json\/wp\/v2\/media?parent=68"}],"curies":[{"name":"wp","href":"https:\/\/api.w.org\/{rel}","templated":true}]}}